{"id":16213,"date":"2025-10-06T16:24:08","date_gmt":"2025-10-06T14:24:08","guid":{"rendered":"https:\/\/hotel-projects.ch\/?page_id=16213"},"modified":"2025-10-06T17:09:05","modified_gmt":"2025-10-06T15:09:05","slug":"immobilier-et-succession","status":"publish","type":"page","link":"https:\/\/hotel-projects.ch\/fr\/immobilier-et-succession\/","title":{"rendered":"Immobilier et succession"},"content":{"rendered":"<div class=\"wpb-content-wrapper\"><p>[vc_row css_animation=\u00a0\u00bb\u00a0\u00bb row_type=\u00a0\u00bbrow\u00a0\u00bb use_row_as_full_screen_section=\u00a0\u00bbno\u00a0\u00bb type=\u00a0\u00bbgrid\u00a0\u00bb angled_section=\u00a0\u00bbno\u00a0\u00bb text_align=\u00a0\u00bbleft\u00a0\u00bb background_image_as_pattern=\u00a0\u00bbwithout_pattern\u00a0\u00bb anchor=\u00a0\u00bbscroll\u00a0\u00bb background_color=\u00a0\u00bb#ffffff\u00a0\u00bb z_index=\u00a0\u00bb\u00a0\u00bb][vc_column][vc_empty_space][vc_column_text]<\/p>\n<h4 style=\"text-align: center;\">Nous sommes sp\u00e9cialis\u00e9s dans la vente confidentielle et les solutions de succession pour les biens immobiliers dans les secteurs de la restauration, de l&rsquo;h\u00f4tellerie et du commerce de d\u00e9tail en Suisse.<\/h4>\n<p><\/p>\n<h4 style=\"text-align: center; margin-top: 15px;\">Nous pouvons faire ce que nous faisons depuis plus de 10 ans.<\/h4>\n<p>[\/vc_column_text][vc_empty_space][\/vc_column][\/vc_row][vc_row css_animation=\u00a0\u00bb\u00a0\u00bb row_type=\u00a0\u00bbrow\u00a0\u00bb use_row_as_full_screen_section=\u00a0\u00bbno\u00a0\u00bb type=\u00a0\u00bbgrid\u00a0\u00bb angled_section=\u00a0\u00bbno\u00a0\u00bb text_align=\u00a0\u00bbleft\u00a0\u00bb background_image_as_pattern=\u00a0\u00bbwithout_pattern\u00a0\u00bb background_color=\u00a0\u00bb#ffffff\u00a0\u00bb padding_bottom=\u00a0\u00bb64&Prime; z_index=\u00a0\u00bb\u00a0\u00bb][vc_column width=\u00a0\u00bb1\/2&Prime;][vc_column_text]<\/p>\n<h4>Vente d&rsquo;h\u00f4tels, de commerces de d\u00e9tail et d&rsquo;\u00e9tablissements gastronomiques<\/h4>\n<p><\/p>\n<ul>\n<li>Entretiens personnels sur la motivation de la vente, les objectifs et les attentes<\/li>\n<li>\u00c9valuation professionnelle de votre bien immobilier, analyse, d\u00e9termination du prix d&rsquo;achat<\/li>\n<li>Deuxi\u00e8me avis ind\u00e9pendant<\/li>\n<li>Commercialisation discr\u00e8te et compl\u00e8te<\/li>\n<li>Conduite des n\u00e9gociations en tant que repr\u00e9sentant de vos int\u00e9r\u00eats<\/li>\n<li>Due diligence, r\u00e9daction des contrats de vente<\/li>\n<li>Transfert et conclusion en bonne et due forme<\/li>\n<\/ul>\n<p>[\/vc_column_text][\/vc_column][vc_column width=\u00a0\u00bb1\/2&Prime;][vc_column_text]<\/p>\n<h4>Location, solutions de succession<\/h4>\n<p><\/p>\n<ul>\n<li>D\u00e9veloppement conjoint de solutions de succession efficaces<\/li>\n<li>Calcul des loyers, d\u00e9finition des interfaces<\/li>\n<li>\u00c9laboration de contrats de vente et de location<\/li>\n<li>Mise en relation de locataires et d&rsquo;exploitants<\/li>\n<li>Transfert et accompagnement des baux<\/li>\n<\/ul>\n<p>[\/vc_column_text][\/vc_column][\/vc_row][vc_row css_animation=\u00a0\u00bb\u00a0\u00bb row_type=\u00a0\u00bbrow\u00a0\u00bb use_row_as_full_screen_section=\u00a0\u00bbno\u00a0\u00bb type=\u00a0\u00bbgrid\u00a0\u00bb angled_section=\u00a0\u00bbno\u00a0\u00bb text_align=\u00a0\u00bbleft\u00a0\u00bb background_image_as_pattern=\u00a0\u00bbwithout_pattern\u00a0\u00bb anchor=\u00a0\u00bbangebot\u00a0\u00bb padding_bottom=\u00a0\u00bb64&Prime; z_index=\u00a0\u00bb\u00a0\u00bb][vc_column][vc_empty_space][vc_column_text css=\u00a0\u00bb\u00a0\u00bb]<\/p>\n<h2 style=\"text-align: center;\">Votre valeur ajout\u00e9e<\/h2>\n<p>[\/vc_column_text][vc_column_text]<\/p>\n<p style=\"text-align: center;\">Notre r\u00e9seau discret comprend les meilleurs contacts avec les family offices, les UHNWI, les institutions et les banques, et bien s\u00fbr les propri\u00e9taires. Des notaires et des avocats vous accompagnent individuellement de A \u00e0 Z.<\/p>\n<p><\/p>\n<p style=\"text-align: center;\">&#8211; <strong>Exklusives nationales und internationales Netzwerk von Investoren und Hospitality<\/strong> &#8211;<\/p>\n<p><\/p>\n<p style=\"text-align: center;\">&#8211; <strong>Langj\u00e4hrige und umfassende Branchenkenntnisse als erfolgreiche Hotelentwickler und Betreiber<\/strong> &#8211;<\/p>\n<p><\/p>\n<p style=\"text-align: center;\">&#8211; <strong>Ausgew\u00e4hlte Renditeliegenschaften in Top-Destinationen der Schweiz<\/strong> &#8211;<\/p>\n<p><\/p>\n<p style=\"text-align: center;\">&#8211; <strong>Fundierte und diskrete Vorgehensweise<\/strong> &#8211;<\/p>\n<p><\/p>\n<p style=\"text-align: center;\">&#8211; <strong>Echtes Vertrauen, sehr pers\u00f6nliche und wahrhaftige Kommunikation<\/strong> &#8211;<\/p>\n<p><\/p>\n<p style=\"text-align: center;\">&#8211; <strong>10-j\u00e4hrige\u00a0Expertise\u00a0im Bereich\u00a0Gewerbeimmobilien<\/strong> &#8211;<\/p>\n<p><\/p>\n<p style=\"text-align: center;\">Als offiziell gepr\u00fcfter Trusted Consultant von Hotelleriesuisse, dem Schweizer Branchenverband, werden wir in den Bereichen Kauf\/Verkauf, Miete, Liegenschaftsbewertungen und Nachfolgeregelungen empfohlen.<\/p>\n<p>[\/vc_column_text][vc_empty_space height=\u00a0\u00bb10px\u00a0\u00bb][vc_single_image image=\u00a0\u00bb16229&Prime; img_size=\u00a0\u00bb\u00a0\u00bb alignment=\u00a0\u00bbcenter\u00a0\u00bb qode_css_animation=\u00a0\u00bb\u00a0\u00bb][vc_column_text]<\/p>\n<p style=\"text-align: center;\">Pour plus d&rsquo;informations sur l&rsquo;\u00e9valuation immobili\u00e8re, l&rsquo;estimation, la planification financi\u00e8re, le financement, la fiducie, les opportunit\u00e9s du march\u00e9 et les optimisations, <a href=\"https:\/\/hotel-projects.ch\/fr\/contact\/\">n&rsquo;h\u00e9sitez pas \u00e0 nous contacter<\/a> directement \u00e0 tout moment.<\/p>\n<p>[\/vc_column_text][\/vc_column][\/vc_row][vc_row css_animation=\u00a0\u00bb\u00a0\u00bb row_type=\u00a0\u00bbrow\u00a0\u00bb use_row_as_full_screen_section=\u00a0\u00bbno\u00a0\u00bb type=\u00a0\u00bbgrid\u00a0\u00bb angled_section=\u00a0\u00bbno\u00a0\u00bb text_align=\u00a0\u00bbleft\u00a0\u00bb background_image_as_pattern=\u00a0\u00bbwithout_pattern\u00a0\u00bb anchor=\u00a0\u00bbscroll\u00a0\u00bb background_color=\u00a0\u00bb#ffffff\u00a0\u00bb z_index=\u00a0\u00bb\u00a0\u00bb][vc_column][vc_empty_space][vc_column_text css=\u00a0\u00bb\u00a0\u00bb]<\/p>\n<h2 style=\"text-align: center;\">Financement<\/h2>\n<p>[\/vc_column_text][vc_empty_space height=\u00a0\u00bb10px\u00a0\u00bb][vc_column_text]<\/p>\n<p style=\"text-align: center;\">Gr\u00e2ce \u00e0 notre longue exp\u00e9rience, nous sommes en mesure d&rsquo;examiner le financement de votre bien immobilier et, le cas \u00e9ch\u00e9ant, d&rsquo;aider les investisseurs \u00e0 l&rsquo;acqu\u00e9rir.<\/p>\n<p><\/p>\n<p style=\"text-align: center;\">Zus\u00e4tzlich pflegen wir eine partnerschaftliche Zusammenarbeit mit der Schweizerischen Gesellschaft f\u00fcr Hotelkredit SGH. Dies liefert meist eine Grundlage f\u00fcr Gespr\u00e4che mit Investoren und Banken oder die Beantragung von zinsg\u00fcnstigen Darlehen und F\u00f6rdergeldern.<\/p>\n<p><\/p>\n<p style=\"text-align: center;\">Unsere Destinationen: Berner Oberland, Wengen, Grindelwald, Wallis, Zermatt, Zentralschweiz, Luzern, Flims-Laax, Z\u00fcrich, Geneva, Lugano.<\/p>\n<p>[\/vc_column_text][vc_empty_space][\/vc_column][\/vc_row][vc_row css_animation=\u00a0\u00bb\u00a0\u00bb row_type=\u00a0\u00bbrow\u00a0\u00bb use_row_as_full_screen_section=\u00a0\u00bbno\u00a0\u00bb type=\u00a0\u00bbgrid\u00a0\u00bb angled_section=\u00a0\u00bbno\u00a0\u00bb text_align=\u00a0\u00bbleft\u00a0\u00bb background_image_as_pattern=\u00a0\u00bbwithout_pattern\u00a0\u00bb anchor=\u00a0\u00bbscroll\u00a0\u00bb background_color=\u00a0\u00bb#ffffff\u00a0\u00bb z_index=\u00a0\u00bb\u00a0\u00bb][vc_column offset=\u00a0\u00bbvc_hidden-lg vc_hidden-md vc_hidden-sm vc_hidden-xs\u00a0\u00bb][vc_column_text]<\/p>\n<h2 style=\"text-align: center;\">Archive<\/h2>\n<p>[\/vc_column_text][vc_empty_space][\/vc_column][\/vc_row][vc_row css_animation=\u00a0\u00bb\u00a0\u00bb row_type=\u00a0\u00bbrow\u00a0\u00bb use_row_as_full_screen_section=\u00a0\u00bbno\u00a0\u00bb type=\u00a0\u00bbgrid\u00a0\u00bb angled_section=\u00a0\u00bbno\u00a0\u00bb text_align=\u00a0\u00bbleft\u00a0\u00bb background_image_as_pattern=\u00a0\u00bbwithout_pattern\u00a0\u00bb background_color=\u00a0\u00bb#ffffff\u00a0\u00bb padding_bottom=\u00a0\u00bb64&Prime; z_index=\u00a0\u00bb\u00a0\u00bb][vc_column width=\u00a0\u00bb1\/2&Prime; offset=\u00a0\u00bbvc_hidden-lg vc_hidden-md vc_hidden-sm vc_hidden-xs\u00a0\u00bb][vc_column_text]Nous disposons d\u2019un bilan de plus de 80 services de conseil dans le domaine de l\u2019h\u00f4tellerie et le tourisme. Des projets de construction nouvelle ou de transformation en font partie, du chalet naturel au vert jusqu\u2019au complexe h\u00f4telier SPA \u00e0 5 \u00e9toiles avec des appartements g\u00e9r\u00e9s comme un h\u00f4tel.[\/vc_column_text][\/vc_column][vc_column width=\u00a0\u00bb1\/2&Prime; offset=\u00a0\u00bbvc_hidden-lg vc_hidden-md vc_hidden-sm vc_hidden-xs\u00a0\u00bb][vc_column_text]Gr\u00e2ce \u00e0 la direction de la classification suisse des h\u00f4tels (les \u00e9toiles originales et les sp\u00e9cialisations comme h\u00f4tel wellness, Designhotel, Unique Hotel, h\u00f4tel historique, Typically Swiss Hotel, etc.), nous avons personnellement \u00e9valu\u00e9 plus de 200 h\u00f4tels depuis 2007. C\u2019est ainsi qu\u2019un tr\u00e9sor riche et unique compos\u00e9 d\u2019id\u00e9es, de concepts et de relations s\u2019est accumul\u00e9.[\/vc_column_text][\/vc_column][\/vc_row][vc_row css_animation=\u00a0\u00bb\u00a0\u00bb row_type=\u00a0\u00bbrow\u00a0\u00bb use_row_as_full_screen_section=\u00a0\u00bbno\u00a0\u00bb type=\u00a0\u00bbgrid\u00a0\u00bb angled_section=\u00a0\u00bbno\u00a0\u00bb text_align=\u00a0\u00bbleft\u00a0\u00bb background_image_as_pattern=\u00a0\u00bbwithout_pattern\u00a0\u00bb anchor=\u00a0\u00bbpassion\u00a0\u00bb padding_bottom=\u00a0\u00bb64&Prime; z_index=\u00a0\u00bb\u00a0\u00bb css=\u00a0\u00bb.vc_custom_1512584028408{background-color: #ffffff !important;}\u00a0\u00bb][vc_column offset=\u00a0\u00bbvc_hidden-lg vc_hidden-md vc_hidden-sm vc_hidden-xs\u00a0\u00bb][vc_empty_space height=\u00a0\u00bb64px\u00a0\u00bb][\/vc_column][\/vc_row]<\/p>\n<\/div>","protected":false},"excerpt":{"rendered":"<p>[vc_row css_animation=\u00a0\u00bb\u00a0\u00bb row_type=\u00a0\u00bbrow\u00a0\u00bb use_row_as_full_screen_section=\u00a0\u00bbno\u00a0\u00bb type=\u00a0\u00bbgrid\u00a0\u00bb angled_section=\u00a0\u00bbno\u00a0\u00bb text_align=\u00a0\u00bbleft\u00a0\u00bb background_image_as_pattern=\u00a0\u00bbwithout_pattern\u00a0\u00bb anchor=\u00a0\u00bbscroll\u00a0\u00bb background_color=\u00a0\u00bb#ffffff\u00a0\u00bb z_index=\u00a0\u00bb\u00a0\u00bb][vc_column][vc_empty_space][vc_column_text] Nous sommes sp\u00e9cialis\u00e9s dans la vente confidentielle et les solutions de succession pour les biens immobiliers dans les secteurs de la restauration, de l&rsquo;h\u00f4tellerie et du commerce de d\u00e9tail en Suisse. Nous pouvons faire&#8230;<\/p>\n","protected":false},"author":5,"featured_media":0,"parent":0,"menu_order":0,"comment_status":"closed","ping_status":"closed","template":"full_width.php","meta":{"footnotes":""},"class_list":["post-16213","page","type-page","status-publish","hentry"],"yoast_head":"<!-- This site is optimized with the Yoast SEO plugin v27.4 - https:\/\/yoast.com\/product\/yoast-seo-wordpress\/ -->\n<title>Immobilier et succession &#8226; Kuchen Hotel Projects<\/title>\n<meta name=\"description\" content=\"Hotelberatung und Hotelkonzepte. Hotel-Neubau, Hotel-Umbau, Hotel-Management und Hotel-Marketing aus einer Hand. Offizieller Partner von hotelleriesuisse und SGH.\" \/>\n<meta name=\"robots\" content=\"index, follow, max-snippet:-1, max-image-preview:large, max-video-preview:-1\" \/>\n<link rel=\"canonical\" href=\"https:\/\/hotel-projects.ch\/kauf-verkauf\/\" \/>\n<meta property=\"og:locale\" content=\"fr_FR\" \/>\n<meta property=\"og:type\" content=\"article\" \/>\n<meta property=\"og:title\" content=\"Immobilier et succession &#8226; Kuchen Hotel Projects\" \/>\n<meta property=\"og:description\" content=\"Hotelberatung und Hotelkonzepte. Hotel-Neubau, Hotel-Umbau, Hotel-Management und Hotel-Marketing aus einer Hand. Offizieller Partner von hotelleriesuisse und SGH.\" \/>\n<meta property=\"og:url\" content=\"https:\/\/hotel-projects.ch\/kauf-verkauf\/\" \/>\n<meta property=\"og:site_name\" content=\"Kuchen Hotel Projects\" \/>\n<meta property=\"article:modified_time\" content=\"2025-10-06T15:09:05+00:00\" \/>\n<meta name=\"twitter:card\" content=\"summary_large_image\" \/>\n<meta name=\"twitter:label1\" content=\"Dur\u00e9e de lecture estim\u00e9e\" \/>\n\t<meta name=\"twitter:data1\" content=\"4 minutes\" \/>\n<script type=\"application\/ld+json\" class=\"yoast-schema-graph\">{\"@context\":\"https:\\\/\\\/schema.org\",\"@graph\":[{\"@type\":\"WebPage\",\"@id\":\"https:\\\/\\\/hotel-projects.ch\\\/kauf-verkauf\\\/\",\"url\":\"https:\\\/\\\/hotel-projects.ch\\\/kauf-verkauf\\\/\",\"name\":\"Immobilier et succession &#8226; Kuchen Hotel Projects\",\"isPartOf\":{\"@id\":\"https:\\\/\\\/hotel-projects.ch\\\/#website\"},\"datePublished\":\"2025-10-06T14:24:08+00:00\",\"dateModified\":\"2025-10-06T15:09:05+00:00\",\"description\":\"Hotelberatung und Hotelkonzepte. Hotel-Neubau, Hotel-Umbau, Hotel-Management und Hotel-Marketing aus einer Hand. Offizieller Partner von hotelleriesuisse und SGH.\",\"breadcrumb\":{\"@id\":\"https:\\\/\\\/hotel-projects.ch\\\/kauf-verkauf\\\/#breadcrumb\"},\"inLanguage\":\"fr-FR\",\"potentialAction\":[{\"@type\":\"ReadAction\",\"target\":[\"https:\\\/\\\/hotel-projects.ch\\\/kauf-verkauf\\\/\"]}]},{\"@type\":\"BreadcrumbList\",\"@id\":\"https:\\\/\\\/hotel-projects.ch\\\/kauf-verkauf\\\/#breadcrumb\",\"itemListElement\":[{\"@type\":\"ListItem\",\"position\":1,\"name\":\"Home\",\"item\":\"https:\\\/\\\/hotel-projects.ch\\\/fr\\\/unternehmen\\\/\"},{\"@type\":\"ListItem\",\"position\":2,\"name\":\"Immobilier et succession\"}]},{\"@type\":\"WebSite\",\"@id\":\"https:\\\/\\\/hotel-projects.ch\\\/#website\",\"url\":\"https:\\\/\\\/hotel-projects.ch\\\/\",\"name\":\"Kuchen Hotel Projects\",\"description\":\"we create and manage your hotel\",\"publisher\":{\"@id\":\"https:\\\/\\\/hotel-projects.ch\\\/#organization\"},\"potentialAction\":[{\"@type\":\"SearchAction\",\"target\":{\"@type\":\"EntryPoint\",\"urlTemplate\":\"https:\\\/\\\/hotel-projects.ch\\\/?s={search_term_string}\"},\"query-input\":{\"@type\":\"PropertyValueSpecification\",\"valueRequired\":true,\"valueName\":\"search_term_string\"}}],\"inLanguage\":\"fr-FR\"},{\"@type\":\"Organization\",\"@id\":\"https:\\\/\\\/hotel-projects.ch\\\/#organization\",\"name\":\"Kuchen Hotel Projects AG\",\"url\":\"https:\\\/\\\/hotel-projects.ch\\\/\",\"logo\":{\"@type\":\"ImageObject\",\"inLanguage\":\"fr-FR\",\"@id\":\"https:\\\/\\\/hotel-projects.ch\\\/#\\\/schema\\\/logo\\\/image\\\/\",\"url\":\"https:\\\/\\\/hotel-projects.ch\\\/wp-content\\\/uploads\\\/2018\\\/01\\\/logo_kuchenhp_claim.png\",\"contentUrl\":\"https:\\\/\\\/hotel-projects.ch\\\/wp-content\\\/uploads\\\/2018\\\/01\\\/logo_kuchenhp_claim.png\",\"width\":1200,\"height\":295,\"caption\":\"Kuchen Hotel Projects AG\"},\"image\":{\"@id\":\"https:\\\/\\\/hotel-projects.ch\\\/#\\\/schema\\\/logo\\\/image\\\/\"}}]}<\/script>\n<!-- \/ Yoast SEO plugin. -->","yoast_head_json":{"title":"Immobilier et succession &#8226; Kuchen Hotel Projects","description":"Hotelberatung und Hotelkonzepte. Hotel-Neubau, Hotel-Umbau, Hotel-Management und Hotel-Marketing aus einer Hand. Offizieller Partner von hotelleriesuisse und SGH.","robots":{"index":"index","follow":"follow","max-snippet":"max-snippet:-1","max-image-preview":"max-image-preview:large","max-video-preview":"max-video-preview:-1"},"canonical":"https:\/\/hotel-projects.ch\/kauf-verkauf\/","og_locale":"fr_FR","og_type":"article","og_title":"Immobilier et succession &#8226; Kuchen Hotel Projects","og_description":"Hotelberatung und Hotelkonzepte. Hotel-Neubau, Hotel-Umbau, Hotel-Management und Hotel-Marketing aus einer Hand. Offizieller Partner von hotelleriesuisse und SGH.","og_url":"https:\/\/hotel-projects.ch\/kauf-verkauf\/","og_site_name":"Kuchen Hotel Projects","article_modified_time":"2025-10-06T15:09:05+00:00","twitter_card":"summary_large_image","twitter_misc":{"Dur\u00e9e de lecture estim\u00e9e":"4 minutes"},"schema":{"@context":"https:\/\/schema.org","@graph":[{"@type":"WebPage","@id":"https:\/\/hotel-projects.ch\/kauf-verkauf\/","url":"https:\/\/hotel-projects.ch\/kauf-verkauf\/","name":"Immobilier et succession &#8226; Kuchen Hotel Projects","isPartOf":{"@id":"https:\/\/hotel-projects.ch\/#website"},"datePublished":"2025-10-06T14:24:08+00:00","dateModified":"2025-10-06T15:09:05+00:00","description":"Hotelberatung und Hotelkonzepte. Hotel-Neubau, Hotel-Umbau, Hotel-Management und Hotel-Marketing aus einer Hand. Offizieller Partner von hotelleriesuisse und SGH.","breadcrumb":{"@id":"https:\/\/hotel-projects.ch\/kauf-verkauf\/#breadcrumb"},"inLanguage":"fr-FR","potentialAction":[{"@type":"ReadAction","target":["https:\/\/hotel-projects.ch\/kauf-verkauf\/"]}]},{"@type":"BreadcrumbList","@id":"https:\/\/hotel-projects.ch\/kauf-verkauf\/#breadcrumb","itemListElement":[{"@type":"ListItem","position":1,"name":"Home","item":"https:\/\/hotel-projects.ch\/fr\/unternehmen\/"},{"@type":"ListItem","position":2,"name":"Immobilier et succession"}]},{"@type":"WebSite","@id":"https:\/\/hotel-projects.ch\/#website","url":"https:\/\/hotel-projects.ch\/","name":"Kuchen Hotel Projects","description":"we create and manage your hotel","publisher":{"@id":"https:\/\/hotel-projects.ch\/#organization"},"potentialAction":[{"@type":"SearchAction","target":{"@type":"EntryPoint","urlTemplate":"https:\/\/hotel-projects.ch\/?s={search_term_string}"},"query-input":{"@type":"PropertyValueSpecification","valueRequired":true,"valueName":"search_term_string"}}],"inLanguage":"fr-FR"},{"@type":"Organization","@id":"https:\/\/hotel-projects.ch\/#organization","name":"Kuchen Hotel Projects AG","url":"https:\/\/hotel-projects.ch\/","logo":{"@type":"ImageObject","inLanguage":"fr-FR","@id":"https:\/\/hotel-projects.ch\/#\/schema\/logo\/image\/","url":"https:\/\/hotel-projects.ch\/wp-content\/uploads\/2018\/01\/logo_kuchenhp_claim.png","contentUrl":"https:\/\/hotel-projects.ch\/wp-content\/uploads\/2018\/01\/logo_kuchenhp_claim.png","width":1200,"height":295,"caption":"Kuchen Hotel Projects AG"},"image":{"@id":"https:\/\/hotel-projects.ch\/#\/schema\/logo\/image\/"}}]}},"_links":{"self":[{"href":"https:\/\/hotel-projects.ch\/fr\/wp-json\/wp\/v2\/pages\/16213","targetHints":{"allow":["GET"]}}],"collection":[{"href":"https:\/\/hotel-projects.ch\/fr\/wp-json\/wp\/v2\/pages"}],"about":[{"href":"https:\/\/hotel-projects.ch\/fr\/wp-json\/wp\/v2\/types\/page"}],"author":[{"embeddable":true,"href":"https:\/\/hotel-projects.ch\/fr\/wp-json\/wp\/v2\/users\/5"}],"replies":[{"embeddable":true,"href":"https:\/\/hotel-projects.ch\/fr\/wp-json\/wp\/v2\/comments?post=16213"}],"version-history":[{"count":13,"href":"https:\/\/hotel-projects.ch\/fr\/wp-json\/wp\/v2\/pages\/16213\/revisions"}],"predecessor-version":[{"id":16561,"href":"https:\/\/hotel-projects.ch\/fr\/wp-json\/wp\/v2\/pages\/16213\/revisions\/16561"}],"wp:attachment":[{"href":"https:\/\/hotel-projects.ch\/fr\/wp-json\/wp\/v2\/media?parent=16213"}],"curies":[{"name":"wp","href":"https:\/\/api.w.org\/{rel}","templated":true}]}}