{"id":15516,"date":"2017-12-13T16:16:57","date_gmt":"2017-12-13T16:16:57","guid":{"rendered":"https:\/\/hotelprojects2020.kuchen.ch\/entwicklung-und-design\/"},"modified":"2025-10-06T16:17:43","modified_gmt":"2025-10-06T14:17:43","slug":"developpement-et-conception","status":"publish","type":"page","link":"https:\/\/hotel-projects.ch\/fr\/developpement-et-conception\/","title":{"rendered":"Conception"},"content":{"rendered":"<div class=\"wpb-content-wrapper\"><p>[vc_row css_animation=\u00a0\u00bb\u00a0\u00bb row_type=\u00a0\u00bbrow\u00a0\u00bb use_row_as_full_screen_section=\u00a0\u00bbno\u00a0\u00bb type=\u00a0\u00bbgrid\u00a0\u00bb angled_section=\u00a0\u00bbno\u00a0\u00bb text_align=\u00a0\u00bbleft\u00a0\u00bb background_image_as_pattern=\u00a0\u00bbwithout_pattern\u00a0\u00bb anchor=\u00a0\u00bbscroll\u00a0\u00bb background_color=\u00a0\u00bb#ffffff\u00a0\u00bb z_index=\u00a0\u00bb\u00a0\u00bb][vc_column][vc_empty_space height=\u00a0\u00bb64px\u00a0\u00bb][vc_column_text]<\/p>\n<h2 style=\"text-align: center;\">Nous ne rempla\u00e7ons pas vos architectes, nous compl\u00e9tons l\u2019\u00e9quipe<\/h2>\n<p>[\/vc_column_text][vc_empty_space][\/vc_column][\/vc_row][vc_row css_animation=\u00a0\u00bb\u00a0\u00bb row_type=\u00a0\u00bbrow\u00a0\u00bb use_row_as_full_screen_section=\u00a0\u00bbno\u00a0\u00bb type=\u00a0\u00bbgrid\u00a0\u00bb angled_section=\u00a0\u00bbno\u00a0\u00bb text_align=\u00a0\u00bbleft\u00a0\u00bb background_image_as_pattern=\u00a0\u00bbwithout_pattern\u00a0\u00bb background_color=\u00a0\u00bb#ffffff\u00a0\u00bb padding_bottom=\u00a0\u00bb64&Prime; z_index=\u00a0\u00bb\u00a0\u00bb][vc_column width=\u00a0\u00bb1\/3&Prime;][vc_column_text]L\u2019identit\u00e9 tridimensionnelle de l\u2019architecture joue un r\u00f4le particuli\u00e8rement pr\u00e9pond\u00e9rant dans le cas d\u2019h\u00f4tels et de complexes de vacances. Au premier regard, nous voulons fasciner les clients et ainsi acqu\u00e9rir un avantage concurrentiel. Il ne s\u2019agit pas seulement de sensationnalisme mais aussi d\u2019une relation durable avec un lieu, un bien immobilier existant, les mat\u00e9riaux de construction et les exigences op\u00e9rationnelles pour un b\u00e2timent commercial.[\/vc_column_text][\/vc_column][vc_column width=\u00a0\u00bb1\/3&Prime;][vc_column_text]En tant qu\u2019interlocuteur pour les ma\u00eetres d\u2019ouvrage et les architectes, nous mettons en jeu notre expertise dans le domaine des processus op\u00e9rationnels, des exigences li\u00e9es \u00e0 la classification des h\u00f4tels, de la possibilit\u00e9 d\u2019une hausse op\u00e9rationnelle de la rentabilit\u00e9 et dans la vente ult\u00e9rieure cibl\u00e9e. Nous veillons particuli\u00e8rement aux possibilit\u00e9s de construction pour optimiser les frais de fonctionnement lors de l\u2019exploitation ult\u00e9rieure.[\/vc_column_text][\/vc_column][vc_column width=\u00a0\u00bb1\/3&Prime;][vc_column_text]Hotteleriesuisse recommande r\u00e9guli\u00e8rement la soci\u00e9t\u00e9 Kuchen Hotel Projects dans les domaines-cl\u00e9s des analyses de faisabilit\u00e9 et de gestion ainsi que dans ceux de l\u2019architecture, de la construction et de la transformation, de l\u2019am\u00e9nagement d\u2019int\u00e9rieur et de la gestion des affaires.[\/vc_column_text][vc_single_image image=\u00a0\u00bb15992&Prime; img_size=\u00a0\u00bbmedium\u00a0\u00bb qode_css_animation=\u00a0\u00bb\u00a0\u00bb][\/vc_column][\/vc_row][vc_row css_animation=\u00a0\u00bb\u00a0\u00bb row_type=\u00a0\u00bbrow\u00a0\u00bb use_row_as_full_screen_section=\u00a0\u00bbno\u00a0\u00bb type=\u00a0\u00bbgrid\u00a0\u00bb angled_section=\u00a0\u00bbno\u00a0\u00bb text_align=\u00a0\u00bbleft\u00a0\u00bb background_image_as_pattern=\u00a0\u00bbwithout_pattern\u00a0\u00bb anchor=\u00a0\u00bbangebot\u00a0\u00bb padding_bottom=\u00a0\u00bb64&Prime; z_index=\u00a0\u00bb\u00a0\u00bb][vc_column][vc_empty_space height=\u00a0\u00bb64px\u00a0\u00bb][vc_column_text]<\/p>\n<h2 style=\"text-align: center;\">Chaque projet, une exp\u00e9rience insolite<\/h2>\n<p>[\/vc_column_text][vc_empty_space][vc_column_text]<\/p>\n<h4 style=\"text-align: center;\">Nous associons les architectes &amp; les architectes d\u2019int\u00e9rieur pour satisfaire vos exigences. Pour chaque projet d\u2019h\u00f4tel, nous travaillons passionn\u00e9ment \u00e0 la conception, \u00e0 la planification, \u00e0 la coordination et \u00e0 la r\u00e9alisation dans la construction et la transformation, lors de r\u00e9novations et dans le domaine de l\u2019architecture d\u2019int\u00e9rieur.<\/h4>\n<p><\/p>\n<h4 style=\"text-align: center;\">Pour vous, nous r\u00e9alisons des h\u00f4tels, des complexes de vacances, des SPAs et des installations wellness, des restaurants, des chambres d\u2019h\u00f4tel et des locaux commerciaux. Nos partenaires et un travail syst\u00e9matique dans une \u00e9quipe cr\u00e9ative sont la base d\u2019une mise en \u0153uvre r\u00e9ussie de nos projets.<\/h4>\n<p><\/p>\n<h4 style=\"text-align: center;\">Orient\u00e9 sur le rendement, dans le respect des d\u00e9lais et fiable.<\/h4>\n<p>[\/vc_column_text][vc_empty_space][vc_row_inner row_type=\u00a0\u00bbrow\u00a0\u00bb type=\u00a0\u00bbfull_width\u00a0\u00bb text_align=\u00a0\u00bbleft\u00a0\u00bb css_animation=\u00a0\u00bb\u00a0\u00bb][vc_column_inner][vc_single_image image=\u00a0\u00bb16276&Prime; img_size=\u00a0\u00bbmedium\u00a0\u00bb alignment=\u00a0\u00bbcenter\u00a0\u00bb style=\u00a0\u00bbvc_box_shadow_3d\u00a0\u00bb onclick=\u00a0\u00bbcustom_link\u00a0\u00bb img_link_target=\u00a0\u00bb_blank\u00a0\u00bb qode_css_animation=\u00a0\u00bb\u00a0\u00bb qode_hover_animation=\u00a0\u00bbzoom_in\u00a0\u00bb link=\u00a0\u00bbhttps:\/\/hotel-projects.ch\/wp-content\/uploads\/2022\/09\/Hotelier_2021-EinrichtungDesign_Scherrer_Kuchen78.pdf\u00a0\u00bb][vc_btn title=\u00a0\u00bbDownload\u00a0\u00bb align=\u00a0\u00bbcenter\u00a0\u00bb css_animation=\u00a0\u00bbfadeIn\u00a0\u00bb link=\u00a0\u00bburl:https%3A%2F%2Fhotel-projects.ch%2Fwp-content%2Fuploads%2F2022%2F09%2FHotelier_2021-EinrichtungDesign_Scherrer_Kuchen78.pdf|title:Hotelier%202021|target:_blank|\u00a0\u00bb][\/vc_column_inner][\/vc_row_inner][\/vc_column][\/vc_row][vc_row css_animation=\u00a0\u00bb\u00a0\u00bb row_type=\u00a0\u00bbrow\u00a0\u00bb use_row_as_full_screen_section=\u00a0\u00bbno\u00a0\u00bb type=\u00a0\u00bbgrid\u00a0\u00bb angled_section=\u00a0\u00bbno\u00a0\u00bb text_align=\u00a0\u00bbleft\u00a0\u00bb background_image_as_pattern=\u00a0\u00bbwithout_pattern\u00a0\u00bb anchor=\u00a0\u00bbpassion\u00a0\u00bb padding_bottom=\u00a0\u00bb64&Prime; z_index=\u00a0\u00bb\u00a0\u00bb css=\u00a0\u00bb.vc_custom_1512584028408{background-color: #ffffff !important;}\u00a0\u00bb][vc_column][vc_empty_space height=\u00a0\u00bb64px\u00a0\u00bb][vc_column_text]<\/p>\n<h2 style=\"text-align: center;\">D\u00e9veloppement de conception<\/h2>\n<p>[\/vc_column_text][vc_empty_space][vc_row_inner row_type=\u00a0\u00bbrow\u00a0\u00bb type=\u00a0\u00bbfull_width\u00a0\u00bb text_align=\u00a0\u00bbleft\u00a0\u00bb css_animation=\u00a0\u00bb\u00a0\u00bb][vc_column_inner width=\u00a0\u00bb1\/3&Prime;][vc_column_text]Il est prouv\u00e9 que les soci\u00e9t\u00e9s, de la PME aux grandes entreprises, profitent \u00e9norm\u00e9ment du fait de se donner une image gr\u00e2ce \u00e0 une architecture marketing cons\u00e9quente (Corporate Architecture = architecture d\u2019entreprise).[\/vc_column_text][\/vc_column_inner][vc_column_inner width=\u00a0\u00bb1\/3&Prime;][vc_column_text]Si l\u2019on se sert habilement de l\u2019\u00e9l\u00e9ment Corporate Architecture, il devient la preuve d\u2019une strat\u00e9gie de marketing globale. Il r\u00e9ussit \u00e0 faire la liaison entre l\u2019architecture et la philosophie de marketing et la strat\u00e9gie de marque et inversement.[\/vc_column_text][\/vc_column_inner][vc_column_inner width=\u00a0\u00bb1\/3&Prime;][vc_column_text]Des \u00e9tudes montrent que, d\u00e9lib\u00e9r\u00e9ment appliqu\u00e9e, la Corporate Architecture peut g\u00e9n\u00e9rer une augmentation de 30 % de nouveaux clients. Les surco\u00fbts \u00e9ventuels lors de la construction sont ainsi largement compens\u00e9s. Nous attachons de l\u2019importance \u00e0 votre rendement, de la planification jusqu\u2019au management.[\/vc_column_text][\/vc_column_inner][\/vc_row_inner][\/vc_column][\/vc_row][vc_row css_animation=\u00a0\u00bb\u00a0\u00bb row_type=\u00a0\u00bbrow\u00a0\u00bb use_row_as_full_screen_section=\u00a0\u00bbno\u00a0\u00bb type=\u00a0\u00bbfull_width\u00a0\u00bb angled_section=\u00a0\u00bbno\u00a0\u00bb text_align=\u00a0\u00bbleft\u00a0\u00bb background_image_as_pattern=\u00a0\u00bbwithout_pattern\u00a0\u00bb css=\u00a0\u00bb.vc_custom_1515597817452{background-color: #ffffff !important;}\u00a0\u00bb z_index=\u00a0\u00bb\u00a0\u00bb][vc_column][vc_empty_space height=\u00a0\u00bb64px\u00a0\u00bb][\/vc_column][\/vc_row][vc_row css_animation=\u00a0\u00bb\u00a0\u00bb row_type=\u00a0\u00bbrow\u00a0\u00bb use_row_as_full_screen_section=\u00a0\u00bbno\u00a0\u00bb type=\u00a0\u00bbgrid\u00a0\u00bb angled_section=\u00a0\u00bbno\u00a0\u00bb text_align=\u00a0\u00bbleft\u00a0\u00bb background_image_as_pattern=\u00a0\u00bbwithout_pattern\u00a0\u00bb anchor=\u00a0\u00bbangebot\u00a0\u00bb padding_bottom=\u00a0\u00bb64&Prime; z_index=\u00a0\u00bb\u00a0\u00bb][vc_column width=\u00a0\u00bb1\/2&Prime;][vc_empty_space height=\u00a0\u00bb64px\u00a0\u00bb][vc_column_text]<\/p>\n<h2 style=\"text-align: center;\">Architecture, construction, transformation, am\u00e9nagement int\u00e9rieur<\/h2>\n<p>[\/vc_column_text][vc_column_text]<\/p>\n<p style=\"text-align: left;\">Nous sommes vos interlocuteurs en ce qui concerne les nouvelles constructions, les transformations, les annexes et les agrandissements. Nous misons sur des concepts h\u00f4teliers et touristiques innovants et uniques que l\u2019on planifie d\u00e8s le d\u00e9part de mani\u00e8re rentable. C\u2019est pourquoi nous organisons un appel d\u2019offres pour tout l\u2019\u00e9quipement de l\u2019h\u00f4tel, afin que vous puissiez facilement comparer les prix et les prestations.<\/p>\n<p>[\/vc_column_text][vc_empty_space][\/vc_column][vc_column width=\u00a0\u00bb1\/2&Prime;][vc_empty_space height=\u00a0\u00bb64px\u00a0\u00bb][vc_column_text]<\/p>\n<h2 style=\"text-align: center;\">Classification des h\u00f4tels<\/h2>\n<p>[\/vc_column_text][vc_column_text]Est-ce que la classification correspond (\u00e9toiles des h\u00f4tels &amp; sp\u00e9cialisations) ? Quelles sont les contraintes li\u00e9es \u00e0 la construction et \u00e0 l\u2019architecture pour la cat\u00e9gorie d\u2019\u00e9toiles recherch\u00e9e ? Comment mettre ceci en conformit\u00e9 avec une exploitation optimale rentable ? \u00c0 quoi faut-il faire attention pour que les investissements et les \u00e9toiles de l\u2019h\u00f4tel prennent effet ?[\/vc_column_text][vc_empty_space][\/vc_column][\/vc_row][vc_row css_animation=\u00a0\u00bb\u00a0\u00bb row_type=\u00a0\u00bbrow\u00a0\u00bb use_row_as_full_screen_section=\u00a0\u00bbno\u00a0\u00bb type=\u00a0\u00bbfull_width\u00a0\u00bb angled_section=\u00a0\u00bbno\u00a0\u00bb text_align=\u00a0\u00bbleft\u00a0\u00bb background_image_as_pattern=\u00a0\u00bbwithout_pattern\u00a0\u00bb z_index=\u00a0\u00bb\u00a0\u00bb][vc_column][vc_empty_space height=\u00a0\u00bb64px\u00a0\u00bb][\/vc_column][\/vc_row]<\/p>\n<\/div>","protected":false},"excerpt":{"rendered":"<p>[vc_row css_animation=\u00a0\u00bb\u00a0\u00bb row_type=\u00a0\u00bbrow\u00a0\u00bb use_row_as_full_screen_section=\u00a0\u00bbno\u00a0\u00bb type=\u00a0\u00bbgrid\u00a0\u00bb angled_section=\u00a0\u00bbno\u00a0\u00bb text_align=\u00a0\u00bbleft\u00a0\u00bb background_image_as_pattern=\u00a0\u00bbwithout_pattern\u00a0\u00bb anchor=\u00a0\u00bbscroll\u00a0\u00bb background_color=\u00a0\u00bb#ffffff\u00a0\u00bb z_index=\u00a0\u00bb\u00a0\u00bb][vc_column][vc_empty_space height=\u00a0\u00bb64px\u00a0\u00bb][vc_column_text] Nous ne rempla\u00e7ons pas vos architectes, nous compl\u00e9tons l\u2019\u00e9quipe [\/vc_column_text][vc_empty_space][\/vc_column][\/vc_row][vc_row css_animation=\u00a0\u00bb\u00a0\u00bb row_type=\u00a0\u00bbrow\u00a0\u00bb use_row_as_full_screen_section=\u00a0\u00bbno\u00a0\u00bb type=\u00a0\u00bbgrid\u00a0\u00bb angled_section=\u00a0\u00bbno\u00a0\u00bb text_align=\u00a0\u00bbleft\u00a0\u00bb background_image_as_pattern=\u00a0\u00bbwithout_pattern\u00a0\u00bb background_color=\u00a0\u00bb#ffffff\u00a0\u00bb padding_bottom=\u00a0\u00bb64&Prime; z_index=\u00a0\u00bb\u00a0\u00bb][vc_column width=\u00a0\u00bb1\/3&Prime;][vc_column_text]L\u2019identit\u00e9 tridimensionnelle de l\u2019architecture joue un r\u00f4le particuli\u00e8rement pr\u00e9pond\u00e9rant dans le cas d\u2019h\u00f4tels&#8230;<\/p>\n","protected":false},"author":1,"featured_media":0,"parent":0,"menu_order":0,"comment_status":"closed","ping_status":"closed","template":"full_width.php","meta":{"footnotes":""},"class_list":["post-15516","page","type-page","status-publish","hentry"],"yoast_head":"<!-- This site is optimized with the Yoast SEO plugin v27.4 - https:\/\/yoast.com\/product\/yoast-seo-wordpress\/ -->\n<title>Conception &#8226; Kuchen Hotel Projects<\/title>\n<meta name=\"description\" content=\"Hotelberatung und Hotelkonzepte. Hotel-Neubau, Hotel-Umbau, Hotel-Management und Hotel-Marketing aus einer Hand. Offizieller Partner von hotelleriesuisse und SGH.\" \/>\n<meta name=\"robots\" content=\"index, follow, max-snippet:-1, max-image-preview:large, max-video-preview:-1\" \/>\n<link rel=\"canonical\" href=\"https:\/\/hotel-projects.ch\/design\/\" \/>\n<meta property=\"og:locale\" content=\"fr_FR\" \/>\n<meta property=\"og:type\" content=\"article\" \/>\n<meta property=\"og:title\" content=\"Conception &#8226; Kuchen Hotel Projects\" \/>\n<meta property=\"og:description\" content=\"Hotelberatung und Hotelkonzepte. Hotel-Neubau, Hotel-Umbau, Hotel-Management und Hotel-Marketing aus einer Hand. Offizieller Partner von hotelleriesuisse und SGH.\" \/>\n<meta property=\"og:url\" content=\"https:\/\/hotel-projects.ch\/design\/\" \/>\n<meta property=\"og:site_name\" content=\"Kuchen Hotel Projects\" \/>\n<meta property=\"article:modified_time\" content=\"2025-10-06T14:17:43+00:00\" \/>\n<meta name=\"twitter:card\" content=\"summary_large_image\" \/>\n<meta name=\"twitter:label1\" content=\"Dur\u00e9e de lecture estim\u00e9e\" \/>\n\t<meta name=\"twitter:data1\" content=\"6 minutes\" \/>\n<script type=\"application\/ld+json\" class=\"yoast-schema-graph\">{\"@context\":\"https:\\\/\\\/schema.org\",\"@graph\":[{\"@type\":\"WebPage\",\"@id\":\"https:\\\/\\\/hotel-projects.ch\\\/design\\\/\",\"url\":\"https:\\\/\\\/hotel-projects.ch\\\/design\\\/\",\"name\":\"Conception &#8226; Kuchen Hotel Projects\",\"isPartOf\":{\"@id\":\"https:\\\/\\\/hotel-projects.ch\\\/#website\"},\"datePublished\":\"2017-12-13T16:16:57+00:00\",\"dateModified\":\"2025-10-06T14:17:43+00:00\",\"description\":\"Hotelberatung und Hotelkonzepte. Hotel-Neubau, Hotel-Umbau, Hotel-Management und Hotel-Marketing aus einer Hand. Offizieller Partner von hotelleriesuisse und SGH.\",\"breadcrumb\":{\"@id\":\"https:\\\/\\\/hotel-projects.ch\\\/design\\\/#breadcrumb\"},\"inLanguage\":\"fr-FR\",\"potentialAction\":[{\"@type\":\"ReadAction\",\"target\":[\"https:\\\/\\\/hotel-projects.ch\\\/design\\\/\"]}]},{\"@type\":\"BreadcrumbList\",\"@id\":\"https:\\\/\\\/hotel-projects.ch\\\/design\\\/#breadcrumb\",\"itemListElement\":[{\"@type\":\"ListItem\",\"position\":1,\"name\":\"Home\",\"item\":\"https:\\\/\\\/hotel-projects.ch\\\/fr\\\/unternehmen\\\/\"},{\"@type\":\"ListItem\",\"position\":2,\"name\":\"Conception\"}]},{\"@type\":\"WebSite\",\"@id\":\"https:\\\/\\\/hotel-projects.ch\\\/#website\",\"url\":\"https:\\\/\\\/hotel-projects.ch\\\/\",\"name\":\"Kuchen Hotel Projects\",\"description\":\"we create and manage your hotel\",\"publisher\":{\"@id\":\"https:\\\/\\\/hotel-projects.ch\\\/#organization\"},\"potentialAction\":[{\"@type\":\"SearchAction\",\"target\":{\"@type\":\"EntryPoint\",\"urlTemplate\":\"https:\\\/\\\/hotel-projects.ch\\\/?s={search_term_string}\"},\"query-input\":{\"@type\":\"PropertyValueSpecification\",\"valueRequired\":true,\"valueName\":\"search_term_string\"}}],\"inLanguage\":\"fr-FR\"},{\"@type\":\"Organization\",\"@id\":\"https:\\\/\\\/hotel-projects.ch\\\/#organization\",\"name\":\"Kuchen Hotel Projects AG\",\"url\":\"https:\\\/\\\/hotel-projects.ch\\\/\",\"logo\":{\"@type\":\"ImageObject\",\"inLanguage\":\"fr-FR\",\"@id\":\"https:\\\/\\\/hotel-projects.ch\\\/#\\\/schema\\\/logo\\\/image\\\/\",\"url\":\"https:\\\/\\\/hotel-projects.ch\\\/wp-content\\\/uploads\\\/2018\\\/01\\\/logo_kuchenhp_claim.png\",\"contentUrl\":\"https:\\\/\\\/hotel-projects.ch\\\/wp-content\\\/uploads\\\/2018\\\/01\\\/logo_kuchenhp_claim.png\",\"width\":1200,\"height\":295,\"caption\":\"Kuchen Hotel Projects AG\"},\"image\":{\"@id\":\"https:\\\/\\\/hotel-projects.ch\\\/#\\\/schema\\\/logo\\\/image\\\/\"}}]}<\/script>\n<!-- \/ Yoast SEO plugin. -->","yoast_head_json":{"title":"Conception &#8226; Kuchen Hotel Projects","description":"Hotelberatung und Hotelkonzepte. Hotel-Neubau, Hotel-Umbau, Hotel-Management und Hotel-Marketing aus einer Hand. Offizieller Partner von hotelleriesuisse und SGH.","robots":{"index":"index","follow":"follow","max-snippet":"max-snippet:-1","max-image-preview":"max-image-preview:large","max-video-preview":"max-video-preview:-1"},"canonical":"https:\/\/hotel-projects.ch\/design\/","og_locale":"fr_FR","og_type":"article","og_title":"Conception &#8226; Kuchen Hotel Projects","og_description":"Hotelberatung und Hotelkonzepte. Hotel-Neubau, Hotel-Umbau, Hotel-Management und Hotel-Marketing aus einer Hand. Offizieller Partner von hotelleriesuisse und SGH.","og_url":"https:\/\/hotel-projects.ch\/design\/","og_site_name":"Kuchen Hotel Projects","article_modified_time":"2025-10-06T14:17:43+00:00","twitter_card":"summary_large_image","twitter_misc":{"Dur\u00e9e de lecture estim\u00e9e":"6 minutes"},"schema":{"@context":"https:\/\/schema.org","@graph":[{"@type":"WebPage","@id":"https:\/\/hotel-projects.ch\/design\/","url":"https:\/\/hotel-projects.ch\/design\/","name":"Conception &#8226; Kuchen Hotel Projects","isPartOf":{"@id":"https:\/\/hotel-projects.ch\/#website"},"datePublished":"2017-12-13T16:16:57+00:00","dateModified":"2025-10-06T14:17:43+00:00","description":"Hotelberatung und Hotelkonzepte. Hotel-Neubau, Hotel-Umbau, Hotel-Management und Hotel-Marketing aus einer Hand. Offizieller Partner von hotelleriesuisse und SGH.","breadcrumb":{"@id":"https:\/\/hotel-projects.ch\/design\/#breadcrumb"},"inLanguage":"fr-FR","potentialAction":[{"@type":"ReadAction","target":["https:\/\/hotel-projects.ch\/design\/"]}]},{"@type":"BreadcrumbList","@id":"https:\/\/hotel-projects.ch\/design\/#breadcrumb","itemListElement":[{"@type":"ListItem","position":1,"name":"Home","item":"https:\/\/hotel-projects.ch\/fr\/unternehmen\/"},{"@type":"ListItem","position":2,"name":"Conception"}]},{"@type":"WebSite","@id":"https:\/\/hotel-projects.ch\/#website","url":"https:\/\/hotel-projects.ch\/","name":"Kuchen Hotel Projects","description":"we create and manage your hotel","publisher":{"@id":"https:\/\/hotel-projects.ch\/#organization"},"potentialAction":[{"@type":"SearchAction","target":{"@type":"EntryPoint","urlTemplate":"https:\/\/hotel-projects.ch\/?s={search_term_string}"},"query-input":{"@type":"PropertyValueSpecification","valueRequired":true,"valueName":"search_term_string"}}],"inLanguage":"fr-FR"},{"@type":"Organization","@id":"https:\/\/hotel-projects.ch\/#organization","name":"Kuchen Hotel Projects AG","url":"https:\/\/hotel-projects.ch\/","logo":{"@type":"ImageObject","inLanguage":"fr-FR","@id":"https:\/\/hotel-projects.ch\/#\/schema\/logo\/image\/","url":"https:\/\/hotel-projects.ch\/wp-content\/uploads\/2018\/01\/logo_kuchenhp_claim.png","contentUrl":"https:\/\/hotel-projects.ch\/wp-content\/uploads\/2018\/01\/logo_kuchenhp_claim.png","width":1200,"height":295,"caption":"Kuchen Hotel Projects AG"},"image":{"@id":"https:\/\/hotel-projects.ch\/#\/schema\/logo\/image\/"}}]}},"_links":{"self":[{"href":"https:\/\/hotel-projects.ch\/fr\/wp-json\/wp\/v2\/pages\/15516","targetHints":{"allow":["GET"]}}],"collection":[{"href":"https:\/\/hotel-projects.ch\/fr\/wp-json\/wp\/v2\/pages"}],"about":[{"href":"https:\/\/hotel-projects.ch\/fr\/wp-json\/wp\/v2\/types\/page"}],"author":[{"embeddable":true,"href":"https:\/\/hotel-projects.ch\/fr\/wp-json\/wp\/v2\/users\/1"}],"replies":[{"embeddable":true,"href":"https:\/\/hotel-projects.ch\/fr\/wp-json\/wp\/v2\/comments?post=15516"}],"version-history":[{"count":5,"href":"https:\/\/hotel-projects.ch\/fr\/wp-json\/wp\/v2\/pages\/15516\/revisions"}],"predecessor-version":[{"id":16499,"href":"https:\/\/hotel-projects.ch\/fr\/wp-json\/wp\/v2\/pages\/15516\/revisions\/16499"}],"wp:attachment":[{"href":"https:\/\/hotel-projects.ch\/fr\/wp-json\/wp\/v2\/media?parent=15516"}],"curies":[{"name":"wp","href":"https:\/\/api.w.org\/{rel}","templated":true}]}}